{"id":1157,"date":"2025-07-02T17:49:14","date_gmt":"2025-07-02T20:49:14","guid":{"rendered":"https:\/\/itucomponentes.com.br\/?page_id=1157"},"modified":"2025-07-02T17:52:27","modified_gmt":"2025-07-02T20:52:27","slug":"itu-0102","status":"publish","type":"page","link":"https:\/\/itucomponentes.com.br\/index.php\/maquinas\/itu-0102\/","title":{"rendered":"ITU-0102"},"content":{"rendered":"\t\t<div data-elementor-type=\"wp-page\" data-elementor-id=\"1157\" class=\"elementor elementor-1157\">\n\t\t\t\t\t\t\t<div class=\"elementor-element elementor-element-d62b920 e-flex e-con-boxed e-con e-parent\" data-id=\"d62b920\" data-element_type=\"container\" data-settings=\"{&quot;content_width&quot;:&quot;boxed&quot;}\" data-core-v316-plus=\"true\">\n\t\t\t\t\t<div class=\"e-con-inner\">\n\t\t\t\t<div class=\"elementor-element elementor-element-7fcb117d elementor-widget elementor-widget-text-editor\" data-id=\"7fcb117d\" data-element_type=\"widget\" data-widget_type=\"text-editor.default\">\n\t\t\t\t<div class=\"elementor-widget-container\">\n\t\t\t<style>\/*! elementor - v3.18.0 - 20-12-2023 *\/\n.elementor-widget-text-editor.elementor-drop-cap-view-stacked .elementor-drop-cap{background-color:#69727d;color:#fff}.elementor-widget-text-editor.elementor-drop-cap-view-framed .elementor-drop-cap{color:#69727d;border:3px solid;background-color:transparent}.elementor-widget-text-editor:not(.elementor-drop-cap-view-default) .elementor-drop-cap{margin-top:8px}.elementor-widget-text-editor:not(.elementor-drop-cap-view-default) .elementor-drop-cap-letter{width:1em;height:1em}.elementor-widget-text-editor .elementor-drop-cap{float:left;text-align:center;line-height:1;font-size:50px}.elementor-widget-text-editor .elementor-drop-cap-letter{display:inline-block}<\/style>\t\t\t\t\t\t\t\t\t\t<\/div>\n\t\t\t\t<\/div>\n\t\t\t\t<div class=\"elementor-element elementor-element-2c2c238 elementor-widget elementor-widget-heading\" data-id=\"2c2c238\" data-element_type=\"widget\" data-widget_type=\"heading.default\">\n\t\t\t\t<div class=\"elementor-widget-container\">\n\t\t\t<style>\/*! elementor - v3.18.0 - 20-12-2023 *\/\n.elementor-heading-title{padding:0;margin:0;line-height:1}.elementor-widget-heading .elementor-heading-title[class*=elementor-size-]>a{color:inherit;font-size:inherit;line-height:inherit}.elementor-widget-heading .elementor-heading-title.elementor-size-small{font-size:15px}.elementor-widget-heading .elementor-heading-title.elementor-size-medium{font-size:19px}.elementor-widget-heading .elementor-heading-title.elementor-size-large{font-size:29px}.elementor-widget-heading .elementor-heading-title.elementor-size-xl{font-size:39px}.elementor-widget-heading .elementor-heading-title.elementor-size-xxl{font-size:59px}<\/style><h2 class=\"elementor-heading-title elementor-size-default\">Descri\u00e7\u00e3o t\u00e9cnica<\/h2>\t\t<\/div>\n\t\t\t\t<\/div>\n\t\t\t\t<div class=\"elementor-element elementor-element-31e897f elementor-widget elementor-widget-image\" data-id=\"31e897f\" data-element_type=\"widget\" data-widget_type=\"image.default\">\n\t\t\t\t<div class=\"elementor-widget-container\">\n\t\t\t<style>\/*! elementor - v3.18.0 - 20-12-2023 *\/\n.elementor-widget-image{text-align:center}.elementor-widget-image a{display:inline-block}.elementor-widget-image a img[src$=\".svg\"]{width:48px}.elementor-widget-image img{vertical-align:middle;display:inline-block}<\/style>\t\t\t\t\t\t\t\t\t\t\t\t<img fetchpriority=\"high\" decoding=\"async\" width=\"1024\" height=\"794\" src=\"https:\/\/itucomponentes.com.br\/wp-content\/uploads\/2025\/07\/Screenshot-2025-07-02-at-22.50.15-1024x794.png\" class=\"attachment-large size-large wp-image-1159\" alt=\"\" srcset=\"https:\/\/itucomponentes.com.br\/wp-content\/uploads\/2025\/07\/Screenshot-2025-07-02-at-22.50.15-1024x794.png 1024w, https:\/\/itucomponentes.com.br\/wp-content\/uploads\/2025\/07\/Screenshot-2025-07-02-at-22.50.15-300x233.png 300w, https:\/\/itucomponentes.com.br\/wp-content\/uploads\/2025\/07\/Screenshot-2025-07-02-at-22.50.15-768x596.png 768w, https:\/\/itucomponentes.com.br\/wp-content\/uploads\/2025\/07\/Screenshot-2025-07-02-at-22.50.15-600x466.png 600w, https:\/\/itucomponentes.com.br\/wp-content\/uploads\/2025\/07\/Screenshot-2025-07-02-at-22.50.15.png 1392w\" sizes=\"(max-width: 1024px) 100vw, 1024px\" \/>\t\t\t\t\t\t\t\t\t\t\t\t\t\t\t<\/div>\n\t\t\t\t<\/div>\n\t\t\t\t<div class=\"elementor-element elementor-element-a0e3645 elementor-widget elementor-widget-image\" data-id=\"a0e3645\" data-element_type=\"widget\" data-widget_type=\"image.default\">\n\t\t\t\t<div class=\"elementor-widget-container\">\n\t\t\t\t\t\t\t\t\t\t\t\t\t\t\t<img decoding=\"async\" width=\"1024\" height=\"570\" src=\"https:\/\/itucomponentes.com.br\/wp-content\/uploads\/2025\/07\/Screenshot-2025-07-02-at-22.50.31-1024x570.png\" class=\"attachment-large size-large wp-image-1160\" alt=\"\" srcset=\"https:\/\/itucomponentes.com.br\/wp-content\/uploads\/2025\/07\/Screenshot-2025-07-02-at-22.50.31-1024x570.png 1024w, https:\/\/itucomponentes.com.br\/wp-content\/uploads\/2025\/07\/Screenshot-2025-07-02-at-22.50.31-300x167.png 300w, https:\/\/itucomponentes.com.br\/wp-content\/uploads\/2025\/07\/Screenshot-2025-07-02-at-22.50.31-768x427.png 768w, https:\/\/itucomponentes.com.br\/wp-content\/uploads\/2025\/07\/Screenshot-2025-07-02-at-22.50.31-1536x855.png 1536w, https:\/\/itucomponentes.com.br\/wp-content\/uploads\/2025\/07\/Screenshot-2025-07-02-at-22.50.31-2048x1140.png 2048w, https:\/\/itucomponentes.com.br\/wp-content\/uploads\/2025\/07\/Screenshot-2025-07-02-at-22.50.31-600x334.png 600w\" sizes=\"(max-width: 1024px) 100vw, 1024px\" \/>\t\t\t\t\t\t\t\t\t\t\t\t\t\t\t<\/div>\n\t\t\t\t<\/div>\n\t\t\t\t\t<\/div>\n\t\t\t\t<\/div>\n\t\t\t\t\t\t\t<\/div>\n\t\t","protected":false},"excerpt":{"rendered":"<p>Descri\u00e7\u00e3o t\u00e9cnica<\/p>\n","protected":false},"author":1,"featured_media":0,"parent":1055,"menu_order":2,"comment_status":"closed","ping_status":"closed","template":"","meta":{"_monsterinsights_skip_tracking":false,"_monsterinsights_sitenote_active":false,"_monsterinsights_sitenote_note":"","_monsterinsights_sitenote_category":0,"footnotes":""},"blocksy_meta":[],"aioseo_notices":[],"_links":{"self":[{"href":"https:\/\/itucomponentes.com.br\/index.php\/wp-json\/wp\/v2\/pages\/1157"}],"collection":[{"href":"https:\/\/itucomponentes.com.br\/index.php\/wp-json\/wp\/v2\/pages"}],"about":[{"href":"https:\/\/itucomponentes.com.br\/index.php\/wp-json\/wp\/v2\/types\/page"}],"author":[{"embeddable":true,"href":"https:\/\/itucomponentes.com.br\/index.php\/wp-json\/wp\/v2\/users\/1"}],"replies":[{"embeddable":true,"href":"https:\/\/itucomponentes.com.br\/index.php\/wp-json\/wp\/v2\/comments?post=1157"}],"version-history":[{"count":7,"href":"https:\/\/itucomponentes.com.br\/index.php\/wp-json\/wp\/v2\/pages\/1157\/revisions"}],"predecessor-version":[{"id":1166,"href":"https:\/\/itucomponentes.com.br\/index.php\/wp-json\/wp\/v2\/pages\/1157\/revisions\/1166"}],"up":[{"embeddable":true,"href":"https:\/\/itucomponentes.com.br\/index.php\/wp-json\/wp\/v2\/pages\/1055"}],"wp:attachment":[{"href":"https:\/\/itucomponentes.com.br\/index.php\/wp-json\/wp\/v2\/media?parent=1157"}],"curies":[{"name":"wp","href":"https:\/\/api.w.org\/{rel}","templated":true}]}}