{"id":1454,"date":"2025-07-06T05:52:36","date_gmt":"2025-07-06T08:52:36","guid":{"rendered":"https:\/\/itucomponentes.com.br\/?page_id=1454"},"modified":"2025-07-06T05:53:38","modified_gmt":"2025-07-06T08:53:38","slug":"itu-0810","status":"publish","type":"page","link":"https:\/\/itucomponentes.com.br\/index.php\/maquinas\/itu-0810\/","title":{"rendered":"ITU-0810"},"content":{"rendered":"\t\t<div data-elementor-type=\"wp-page\" data-elementor-id=\"1454\" class=\"elementor elementor-1454\">\n\t\t\t\t\t\t\t<div class=\"elementor-element elementor-element-42473d93 e-flex e-con-boxed e-con e-parent\" data-id=\"42473d93\" data-element_type=\"container\" data-settings=\"{&quot;content_width&quot;:&quot;boxed&quot;}\" data-core-v316-plus=\"true\">\n\t\t\t\t\t<div class=\"e-con-inner\">\n\t\t\t\t<div class=\"elementor-element elementor-element-4441ddd elementor-widget elementor-widget-text-editor\" data-id=\"4441ddd\" data-element_type=\"widget\" data-widget_type=\"text-editor.default\">\n\t\t\t\t<div class=\"elementor-widget-container\">\n\t\t\t<style>\/*! elementor - v3.18.0 - 20-12-2023 *\/\n.elementor-widget-text-editor.elementor-drop-cap-view-stacked .elementor-drop-cap{background-color:#69727d;color:#fff}.elementor-widget-text-editor.elementor-drop-cap-view-framed .elementor-drop-cap{color:#69727d;border:3px solid;background-color:transparent}.elementor-widget-text-editor:not(.elementor-drop-cap-view-default) .elementor-drop-cap{margin-top:8px}.elementor-widget-text-editor:not(.elementor-drop-cap-view-default) .elementor-drop-cap-letter{width:1em;height:1em}.elementor-widget-text-editor .elementor-drop-cap{float:left;text-align:center;line-height:1;font-size:50px}.elementor-widget-text-editor .elementor-drop-cap-letter{display:inline-block}<\/style>\t\t\t\t<!-- wp:paragraph -->\n<p>ITU-0810<br><\/p>\n<!-- \/wp:paragraph -->\t\t\t\t\t\t<\/div>\n\t\t\t\t<\/div>\n\t\t\t\t\t<\/div>\n\t\t\t\t<\/div>\n\t\t<div class=\"elementor-element elementor-element-060edfb e-flex e-con-boxed e-con e-parent\" data-id=\"060edfb\" data-element_type=\"container\" data-settings=\"{&quot;content_width&quot;:&quot;boxed&quot;}\" data-core-v316-plus=\"true\">\n\t\t\t\t\t<div class=\"e-con-inner\">\n\t\t\t\t<div class=\"elementor-element elementor-element-3cc4368 elementor-widget elementor-widget-heading\" data-id=\"3cc4368\" data-element_type=\"widget\" data-widget_type=\"heading.default\">\n\t\t\t\t<div class=\"elementor-widget-container\">\n\t\t\t<style>\/*! elementor - v3.18.0 - 20-12-2023 *\/\n.elementor-heading-title{padding:0;margin:0;line-height:1}.elementor-widget-heading .elementor-heading-title[class*=elementor-size-]>a{color:inherit;font-size:inherit;line-height:inherit}.elementor-widget-heading .elementor-heading-title.elementor-size-small{font-size:15px}.elementor-widget-heading .elementor-heading-title.elementor-size-medium{font-size:19px}.elementor-widget-heading .elementor-heading-title.elementor-size-large{font-size:29px}.elementor-widget-heading .elementor-heading-title.elementor-size-xl{font-size:39px}.elementor-widget-heading .elementor-heading-title.elementor-size-xxl{font-size:59px}<\/style><h2 class=\"elementor-heading-title elementor-size-default\">Descri\u00e7\u00e3o t\u00e9cnica<\/h2>\t\t<\/div>\n\t\t\t\t<\/div>\n\t\t\t\t<div class=\"elementor-element elementor-element-faa34e3 elementor-widget elementor-widget-image\" data-id=\"faa34e3\" data-element_type=\"widget\" data-widget_type=\"image.default\">\n\t\t\t\t<div class=\"elementor-widget-container\">\n\t\t\t<style>\/*! elementor - v3.18.0 - 20-12-2023 *\/\n.elementor-widget-image{text-align:center}.elementor-widget-image a{display:inline-block}.elementor-widget-image a img[src$=\".svg\"]{width:48px}.elementor-widget-image img{vertical-align:middle;display:inline-block}<\/style>\t\t\t\t\t\t\t\t\t\t\t\t<img fetchpriority=\"high\" decoding=\"async\" width=\"1024\" height=\"345\" src=\"https:\/\/itucomponentes.com.br\/wp-content\/uploads\/2025\/07\/Screenshot-2025-07-06-at-10.52.41-1024x345.png\" class=\"attachment-large size-large wp-image-1456\" alt=\"\" srcset=\"https:\/\/itucomponentes.com.br\/wp-content\/uploads\/2025\/07\/Screenshot-2025-07-06-at-10.52.41-1024x345.png 1024w, https:\/\/itucomponentes.com.br\/wp-content\/uploads\/2025\/07\/Screenshot-2025-07-06-at-10.52.41-300x101.png 300w, https:\/\/itucomponentes.com.br\/wp-content\/uploads\/2025\/07\/Screenshot-2025-07-06-at-10.52.41-768x259.png 768w, https:\/\/itucomponentes.com.br\/wp-content\/uploads\/2025\/07\/Screenshot-2025-07-06-at-10.52.41-1536x518.png 1536w, https:\/\/itucomponentes.com.br\/wp-content\/uploads\/2025\/07\/Screenshot-2025-07-06-at-10.52.41-600x202.png 600w, https:\/\/itucomponentes.com.br\/wp-content\/uploads\/2025\/07\/Screenshot-2025-07-06-at-10.52.41.png 1554w\" sizes=\"(max-width: 1024px) 100vw, 1024px\" \/>\t\t\t\t\t\t\t\t\t\t\t\t\t\t\t<\/div>\n\t\t\t\t<\/div>\n\t\t\t\t<div class=\"elementor-element elementor-element-4e8c139 elementor-widget elementor-widget-image\" data-id=\"4e8c139\" data-element_type=\"widget\" data-widget_type=\"image.default\">\n\t\t\t\t<div class=\"elementor-widget-container\">\n\t\t\t\t\t\t\t\t\t\t\t\t\t\t\t<img decoding=\"async\" width=\"1024\" height=\"701\" src=\"https:\/\/itucomponentes.com.br\/wp-content\/uploads\/2025\/07\/Screenshot-2025-07-06-at-10.53.01-1024x701.png\" class=\"attachment-large size-large wp-image-1457\" alt=\"\" srcset=\"https:\/\/itucomponentes.com.br\/wp-content\/uploads\/2025\/07\/Screenshot-2025-07-06-at-10.53.01-1024x701.png 1024w, https:\/\/itucomponentes.com.br\/wp-content\/uploads\/2025\/07\/Screenshot-2025-07-06-at-10.53.01-300x205.png 300w, https:\/\/itucomponentes.com.br\/wp-content\/uploads\/2025\/07\/Screenshot-2025-07-06-at-10.53.01-768x526.png 768w, https:\/\/itucomponentes.com.br\/wp-content\/uploads\/2025\/07\/Screenshot-2025-07-06-at-10.53.01-1536x1051.png 1536w, https:\/\/itucomponentes.com.br\/wp-content\/uploads\/2025\/07\/Screenshot-2025-07-06-at-10.53.01-2048x1401.png 2048w, https:\/\/itucomponentes.com.br\/wp-content\/uploads\/2025\/07\/Screenshot-2025-07-06-at-10.53.01-600x411.png 600w\" sizes=\"(max-width: 1024px) 100vw, 1024px\" \/>\t\t\t\t\t\t\t\t\t\t\t\t\t\t\t<\/div>\n\t\t\t\t<\/div>\n\t\t\t\t\t<\/div>\n\t\t\t\t<\/div>\n\t\t\t\t\t\t\t<\/div>\n\t\t","protected":false},"excerpt":{"rendered":"<p>ITU-0810 Descri\u00e7\u00e3o t\u00e9cnica<\/p>\n","protected":false},"author":1,"featured_media":0,"parent":1055,"menu_order":24,"comment_status":"closed","ping_status":"closed","template":"","meta":{"_monsterinsights_skip_tracking":false,"_monsterinsights_sitenote_active":false,"_monsterinsights_sitenote_note":"","_monsterinsights_sitenote_category":0,"footnotes":""},"blocksy_meta":[],"aioseo_notices":[],"_links":{"self":[{"href":"https:\/\/itucomponentes.com.br\/index.php\/wp-json\/wp\/v2\/pages\/1454"}],"collection":[{"href":"https:\/\/itucomponentes.com.br\/index.php\/wp-json\/wp\/v2\/pages"}],"about":[{"href":"https:\/\/itucomponentes.com.br\/index.php\/wp-json\/wp\/v2\/types\/page"}],"author":[{"embeddable":true,"href":"https:\/\/itucomponentes.com.br\/index.php\/wp-json\/wp\/v2\/users\/1"}],"replies":[{"embeddable":true,"href":"https:\/\/itucomponentes.com.br\/index.php\/wp-json\/wp\/v2\/comments?post=1454"}],"version-history":[{"count":7,"href":"https:\/\/itucomponentes.com.br\/index.php\/wp-json\/wp\/v2\/pages\/1454\/revisions"}],"predecessor-version":[{"id":1463,"href":"https:\/\/itucomponentes.com.br\/index.php\/wp-json\/wp\/v2\/pages\/1454\/revisions\/1463"}],"up":[{"embeddable":true,"href":"https:\/\/itucomponentes.com.br\/index.php\/wp-json\/wp\/v2\/pages\/1055"}],"wp:attachment":[{"href":"https:\/\/itucomponentes.com.br\/index.php\/wp-json\/wp\/v2\/media?parent=1454"}],"curies":[{"name":"wp","href":"https:\/\/api.w.org\/{rel}","templated":true}]}}