{"id":784,"date":"2024-02-09T18:09:40","date_gmt":"2024-02-09T21:09:40","guid":{"rendered":"https:\/\/itucomponentes.com.br\/?page_id=784"},"modified":"2025-06-11T05:40:02","modified_gmt":"2025-06-11T08:40:02","slug":"desenhos-terminais","status":"publish","type":"page","link":"https:\/\/itucomponentes.com.br\/index.php\/desenhos-tecnicos\/desenhos-terminais\/","title":{"rendered":"Desenhos Terminais"},"content":{"rendered":"\t\t<div data-elementor-type=\"wp-page\" data-elementor-id=\"784\" class=\"elementor elementor-784\">\n\t\t\t\t\t\t\t<div class=\"elementor-element elementor-element-1573702 e-flex e-con-boxed e-con e-parent\" data-id=\"1573702\" data-element_type=\"container\" data-settings=\"{&quot;content_width&quot;:&quot;boxed&quot;}\" data-core-v316-plus=\"true\">\n\t\t\t\t\t<div class=\"e-con-inner\">\n\t\t\t\t<div class=\"elementor-element elementor-element-f659d95 elementor-widget elementor-widget-html\" data-id=\"f659d95\" data-element_type=\"widget\" data-widget_type=\"html.default\">\n\t\t\t\t<div class=\"elementor-widget-container\">\n\t\t\t<!DOCTYPE html>\n<html lang=\"pt-BR\">\n<head>\n    <meta charset=\"UTF-8\">\n    <meta name=\"viewport\" content=\"width=device-width, initial-scale=1.0\">\n    <title>Produtos<\/title>\n    <style>\n        body {\n            font-family: Arial, sans-serif;\n        }\n\n        .produto-container {\n            display: grid;\n            grid-template-columns: repeat(3, 1fr); \/* Layout 3x4 *\/\n            align-items: center;\n            justify-content: center;\n            margin-bottom: 20px;\n            border: 1px solid #ddd;\n            padding: 10px;\n            border-radius: 8px;\n            width: calc(150% - 20px); \/* 3x4 layout *\/\n            \/* Adjust the width and height of the product container as needed *\/\n            min-width: 200px;\n            min-height: 300px;\n        }\n\n        .produto-imagem {\n            width: 100%; \/* Ajuste conforme necess\u00e1rio *\/\n            height: auto;\n        }\n\n        .produto-info {\n            text-align: center;\n            padding: 10px;\n        }\n\n        h2 {\n            color: #0A03FA;\n            font-size: 20px;\n            margin: 0;\n        }\n\n        p {\n            color: black;\n            font-size: 16px;\n            margin: 0;\n        }\n\n        .produto-descricao {\n            margin-bottom: 10px;\n        }\n\n        .btn-download {\n            background-color: #001F3F;\n            color: #fff;\n            text-decoration: none;\n            padding: 8px 16px;\n            border-radius: 4px;\n            font-size: 16px;\n            border: none;\n            cursor: pointer;\n            transition: background-color 0.3s ease;\n        }\n\n        .btn-download:hover {\n            background-color: #003366;\n        }\n\n        #barra-pesquisa {\n            margin-bottom: 20px;\n            padding: 10px;\n            font-size: 18px;\n        }\n\n        .pdf-preview {\n            width: 100%; \/* Ajuste conforme necess\u00e1rio *\/\n            height: 100%; \/* Ajuste conforme necess\u00e1rio *\/\n            border: none;\n        }\n    <\/style>\n<\/head>\n<body>\n\n    <input type=\"text\" id=\"barra-pesquisa\" placeholder=\"Pesquisar por nome ou c\u00f3digo\" oninput=\"filtrarProdutos()\">\n\n\n\n\n     <div class=\"produto-container\">\n        <!-- Preview do PDF -->\n        <iframe class=\"pdf-preview\" src=\"https:\/\/drive.google.com\/file\/d\/1jceYlCzBVLSmQ7jUiBITsWeUNHtk2Tru\/preview\" frameborder=\"0\"><\/iframe>\n        <!-- Texto -->\n        <div class=\"produto-info\">\n            <h2> Terminal Macho L\u00e2mina 6,3 <\/h2>\n            <p class=\"produto-descricao\"> C\/ Trava <\/p>\n            <p>C\u00f3digo: 1434-00 <\/p>\n            <!-- Bot\u00e3o de Download -->\n            <a href=\" https:\/\/drive.google.com\/file\/d\/1jceYlCzBVLSmQ7jUiBITsWeUNHtk2Tru\/view?usp=sharing\" target=\"_blank\" class=\"btn-download\">Download PDF<\/a>\n        <\/div>\n    <\/div>  \n    \n    \n\n     <div class=\"produto-container\">\n        <!-- Preview do PDF -->\n        <iframe class=\"pdf-preview\" src=\"https:\/\/drive.google.com\/file\/d\/1dDa2M2GxunAwYPxdTzQ7fVDD8FuGJHq0\/preview\" frameborder=\"0\"><\/iframe>\n        <!-- Texto -->\n        <div class=\"produto-info\">\n            <h2>Terminal de Contato <\/h2>\n            <p class=\"produto-descricao\"> Lat\u00e3o, Estanho 6,8 micrometros <\/p>\n            <p>C\u00f3digo: 2043-003<\/p>\n            <!-- Bot\u00e3o de Download -->\n            <a href=\"https:\/\/drive.google.com\/file\/d\/1dDa2M2GxunAwYPxdTzQ7fVDD8FuGJHq0\/view?usp=sharing\" target=\"_blank\" class=\"btn-download\">Download PDF<\/a>\n        <\/div>\n    <\/div>  \n\n     <div class=\"produto-container\">\n        <!-- Preview do PDF -->\n        <iframe class=\"pdf-preview\" src=\"https:\/\/drive.google.com\/file\/d\/1dleBdnMyDpsUA8r0eybDmpmhd-bJehNg\/preview\" frameborder=\"0\"><\/iframe>\n        <!-- Texto -->\n        <div class=\"produto-info\">\n            <h2>Terminal Femea <\/h2>\n            <p class=\"produto-descricao\"> Fast On, 4,8  <\/p>\n            <p>C\u00f3digo: 2116-00<\/p>\n            <!-- Bot\u00e3o de Download -->\n            <a href=\"https:\/\/drive.google.com\/file\/d\/1dleBdnMyDpsUA8r0eybDmpmhd-bJehNg\/view?usp=sharing\" target=\"_blank\" class=\"btn-download\">Download PDF<\/a>\n        <\/div>\n    <\/div>  \n\n\n     <div class=\"produto-container\">\n        <!-- Preview do PDF -->\n        <iframe class=\"pdf-preview\" src=\"https:\/\/drive.google.com\/file\/d\/15ZowNV63D67AQ9DJznpf981lMsJV4nRr\/preview\" frameborder=\"0\"><\/iframe>\n        <!-- Texto -->\n        <div class=\"produto-info\">\n            <h2>Terminal Lingueta C\/ Trava <\/h2>\n            <p class=\"produto-descricao\"> 0,5 - 1,5 <\/p>\n            <p>C\u00f3digo: 2584-002<\/p>\n            <!-- Bot\u00e3o de Download -->\n            <a href=\"https:\/\/drive.google.com\/file\/d\/15ZowNV63D67AQ9DJznpf981lMsJV4nRr\/view?usp=sharing\" target=\"_blank\" class=\"btn-download\">Download PDF<\/a>\n        <\/div>\n    <\/div>  \n\n     <div class=\"produto-container\">\n        <!-- Preview do PDF -->\n        <iframe class=\"pdf-preview\" src=\"https:\/\/drive.google.com\/file\/d\/1BUws5Qzpyr3ZbQ-FK14o28qTMnooOQ4K\/preview\" frameborder=\"0\"><\/iframe>\n        <!-- Texto -->\n        <div class=\"produto-info\">\n            <h2>Terminal Porta Fus\u00edvel <\/h2>\n            <p class=\"produto-descricao\"> 1,0 - 2,5 <\/p>\n            <p>C\u00f3digo: 2589-002<\/p>\n            <!-- Bot\u00e3o de Download -->\n            <a href=\"https:\/\/drive.google.com\/file\/d\/1BUws5Qzpyr3ZbQ-FK14o28qTMnooOQ4K\/view?usp=sharing\" target=\"_blank\" class=\"btn-download\">Download PDF<\/a>\n        <\/div>\n    <\/div>  \n\n     <div class=\"produto-container\">\n        <!-- Preview do PDF -->\n        <iframe class=\"pdf-preview\" src=\"https:\/\/drive.google.com\/file\/d\/1FZhP0hSi8h7sj90WUh6NCUbqpMwzPZfc\/preview\" frameborder=\"0\"><\/iframe>\n        <!-- Texto -->\n        <div class=\"produto-info\">\n            <h2>Terminal Lingueta C\/ Trava <\/h2>\n            <p class=\"produto-descricao\"> 2,5 - 6,0 <\/p>\n            <p>C\u00f3digo: 2625-002<\/p>\n            <!-- Bot\u00e3o de Download -->\n            <a href=\"https:\/\/drive.google.com\/file\/d\/1FZhP0hSi8h7sj90WUh6NCUbqpMwzPZfc\/view?usp=sharing\" target=\"_blank\" class=\"btn-download\">Download PDF<\/a>\n        <\/div>\n    <\/div>  \n    \n\n     <div class=\"produto-container\">\n        <!-- Preview do PDF -->\n        <iframe class=\"pdf-preview\" src=\"https:\/\/drive.google.com\/file\/d\/1fQDMHleEMXCCnvxcojraM0mL8hryMnJT\/preview\" frameborder=\"0\"><\/iframe>\n        <!-- Texto -->\n        <div class=\"produto-info\">\n            <h2>Terminal Femea  <\/h2>\n            <p class=\"produto-descricao\"> Fast On, 6,3<\/p>\n            <p>C\u00f3digo: 2625-002<\/p>\n            <!-- Bot\u00e3o de Download -->\n            <a href=\"https:\/\/drive.google.com\/file\/d\/1fQDMHleEMXCCnvxcojraM0mL8hryMnJT\/view?usp=sharing\" target=\"_blank\" class=\"btn-download\">Download PDF<\/a>\n        <\/div>\n    <\/div>  \n\n     <div class=\"produto-container\">\n        <!-- Preview do PDF -->\n        <iframe class=\"pdf-preview\" src=\"https:\/\/drive.google.com\/file\/d\/12AuD0nRVHCD4x6rNkBr7mypW6bOf2EYP\/preview\" frameborder=\"0\"><\/iframe>\n        <!-- Texto -->\n        <div class=\"produto-info\">\n            <h2>Terminal Macho Redondo <\/h2>\n            <p class=\"produto-descricao\"> 1,0 - 2,5 <\/p>\n            <p>C\u00f3digo: 2741-002<\/p>\n            <!-- Bot\u00e3o de Download -->\n            <a href=\"https:\/\/drive.google.com\/file\/d\/12AuD0nRVHCD4x6rNkBr7mypW6bOf2EYP\/view?usp=sharing\" target=\"_blank\" class=\"btn-download\">Download PDF<\/a>\n        <\/div>\n    <\/div>  \n    \n    <div class=\"produto-container\">\n        <!-- Preview do PDF -->\n        <iframe class=\"pdf-preview\" src=\"https:\/\/drive.google.com\/file\/d\/1MsDao1y5KvwB3CtTgpvQdjZ8yIAXodIQ\/preview\" frameborder=\"0\"><\/iframe>\n        <!-- Texto -->\n        <div class=\"produto-info\">\n            <h2> Terminal Femea Positive Lock <\/h2>\n            <p class=\"produto-descricao\"> 6,3 <\/p>\n            <p>C\u00f3digo: 2884-00 <\/p>\n            <!-- Bot\u00e3o de Download -->\n            <a href=\"https:\/\/drive.google.com\/file\/d\/1MsDao1y5KvwB3CtTgpvQdjZ8yIAXodIQ\/view?usp=sharing\" target=\"_blank\" class=\"btn-download\">Download PDF<\/a>\n        <\/div>\n    <\/div> \n    \n    \n     <div class=\"produto-container\">\n        <!-- Preview do PDF -->\n        <iframe class=\"pdf-preview\" src=\"https:\/\/drive.google.com\/file\/d\/1H0f3vk2hwwvhvF8_A_-kd6SSvjL9_11W\/preview\" frameborder=\"0\"><\/iframe>\n        <!-- Texto -->\n        <div class=\"produto-info\">\n            <h2> Terminal Macho L\u00e2mina 6,3 <\/h2>\n            <p class=\"produto-descricao\"> C\/ Trava <\/p>\n            <p>C\u00f3digo: 3183-00 <\/p>\n            <!-- Bot\u00e3o de Download -->\n            <a href=\"https:\/\/drive.google.com\/file\/d\/1H0f3vk2hwwvhvF8_A_-kd6SSvjL9_11W\/view?usp=sharing\" target=\"_blank\" class=\"btn-download\">Download PDF<\/a>\n        <\/div>\n    <\/div> \n\n\n     <div class=\"produto-container\">\n        <!-- Preview do PDF -->\n        <iframe class=\"pdf-preview\" src=\"https:\/\/drive.google.com\/file\/d\/1LF8yeuEQmg2QEBg0fe_2UnvbYyPhogpc\/preview\" frameborder=\"0\"><\/iframe>\n        <!-- Texto -->\n        <div class=\"produto-info\">\n            <h2> Terminal de Contato <\/h2>\n            <p class=\"produto-descricao\"> Estanhado 6,8 micrometros <\/p>\n            <p>C\u00f3digo: 3246-002<\/p>\n            <!-- Bot\u00e3o de Download -->\n            <a href=\"https:\/\/drive.google.com\/file\/d\/1LF8yeuEQmg2QEBg0fe_2UnvbYyPhogpc\/view?usp=sharing\" target=\"_blank\" class=\"btn-download\">Download PDF<\/a>\n        <\/div>\n    <\/div>  \n\n     <div class=\"produto-container\">\n        <!-- Preview do PDF -->\n        <iframe class=\"pdf-preview\" src=\"https:\/\/drive.google.com\/file\/d\/1FtFg88GYhs1Pb3OApZoVWgLDk8HcEPu8\/preview\" frameborder=\"0\"><\/iframe>\n        <!-- Texto -->\n        <div class=\"produto-info\">\n            <h2> Terminal Pino Femea <\/h2>\n            <p class=\"produto-descricao\"> C\/ 2 Garras <\/p>\n            <p>C\u00f3digo: 3411-00<\/p>\n            <!-- Bot\u00e3o de Download -->\n            <a href=\"https:\/\/drive.google.com\/file\/d\/1FtFg88GYhs1Pb3OApZoVWgLDk8HcEPu8\/view?usp=sharing\" target=\"_blank\" class=\"btn-download\">Download PDF<\/a>\n        <\/div>\n    <\/div>  \n\n\n\n     <div class=\"produto-container\">\n        <!-- Preview do PDF -->\n        <iframe class=\"pdf-preview\" src=\"https:\/\/drive.google.com\/file\/d\/17CSHq99sUiDXcZESbqzQIAIi-NIBvD01\/preview\" frameborder=\"0\"><\/iframe>\n        <!-- Texto -->\n        <div class=\"produto-info\">\n            <h2> Emenda <\/h2>\n            <p class=\"produto-descricao\"> 4,0 - 6,0 <\/p>\n            <p>C\u00f3digo: 3425-002<\/p>\n            <!-- Bot\u00e3o de Download -->\n            <a href=\"https:\/\/drive.google.com\/file\/d\/17CSHq99sUiDXcZESbqzQIAIi-NIBvD01\/view?usp=sharing\" target=\"_blank\" class=\"btn-download\">Download PDF<\/a>\n        <\/div>\n    <\/div>  \n\n     <div class=\"produto-container\">\n        <!-- Preview do PDF -->\n        <iframe class=\"pdf-preview\" src=\"https:\/\/drive.google.com\/file\/d\/1MuPKjLe1tH9HvZYKi2SOzn1LDFgrUQ1B\/preview\" frameborder=\"0\"><\/iframe>\n        <!-- Texto -->\n        <div class=\"produto-info\">\n            <h2> Emenda <\/h2>\n            <p class=\"produto-descricao\">  n\/a <\/p>\n            <p>C\u00f3digo: 3426-002<\/p>\n            <!-- Bot\u00e3o de Download -->\n            <a href=\"https:\/\/drive.google.com\/file\/d\/1MuPKjLe1tH9HvZYKi2SOzn1LDFgrUQ1B\/view?usp=sharing\" target=\"_blank\" class=\"btn-download\">Download PDF<\/a>\n        <\/div>\n    <\/div>  \n\n     <div class=\"produto-container\">\n        <!-- Preview do PDF -->\n        <iframe class=\"pdf-preview\" src=\"https:\/\/drive.google.com\/file\/d\/128r5N9wEqdWfyCV7ClTi674Sp0SJ4vjd\/preview\" frameborder=\"0\"><\/iframe>\n        <!-- Texto -->\n        <div class=\"produto-info\">\n            <h2> Terminal p\/ Distribuidor <\/h2>\n            <p class=\"produto-descricao\">  0,3 - 0,8 <\/p>\n            <p>C\u00f3digo: 3437-002<\/p>\n            <!-- Bot\u00e3o de Download -->\n            <a href=\"https:\/\/drive.google.com\/file\/d\/128r5N9wEqdWfyCV7ClTi674Sp0SJ4vjd\/view?usp=sharing\" target=\"_blank\" class=\"btn-download\">Download PDF<\/a>\n        <\/div>\n    <\/div>  \n\n     <div class=\"produto-container\">\n        <!-- Preview do PDF -->\n        <iframe class=\"pdf-preview\" src=\"https:\/\/drive.google.com\/file\/d\/1VtovD0X4cTy4okwBJPR3TsO48G29zNNO\/preview\" frameborder=\"0\"><\/iframe>\n        <!-- Texto -->\n        <div class=\"produto-info\">\n            <h2> Terminal p\/ Cabo de Vela <\/h2>\n            <p class=\"produto-descricao\">  16 AWG 1,0 <\/p>\n            <p>C\u00f3digo: 3442-002<\/p>\n            <!-- Bot\u00e3o de Download -->\n            <a href=\"https:\/\/drive.google.com\/file\/d\/1VtovD0X4cTy4okwBJPR3TsO48G29zNNO\/view?usp=sharing\" target=\"_blank\" class=\"btn-download\">Download PDF<\/a>\n        <\/div>\n    <\/div>  \n\n\n     <div class=\"produto-container\">\n        <!-- Preview do PDF -->\n        <iframe class=\"pdf-preview\" src=\"https:\/\/drive.google.com\/file\/d\/14cKjKwVi3wob3tmZsO5XcfCI00ObdrxR\/preview\" frameborder=\"0\"><\/iframe>\n        <!-- Texto -->\n        <div class=\"produto-info\">\n            <h2> Terminal Macho L\u00e2mina <\/h2>\n            <p class=\"produto-descricao\"> S\/ Furo e S\/ Trava (0,5 - 1,0) <\/p>\n            <p>C\u00f3digo: 3720-002<\/p>\n            <!-- Bot\u00e3o de Download -->\n            <a href=\"https:\/\/drive.google.com\/file\/d\/14cKjKwVi3wob3tmZsO5XcfCI00ObdrxR\/view?usp=sharing\" target=\"_blank\" class=\"btn-download\">Download PDF<\/a>\n        <\/div>\n    <\/div>  \n\n\n     <div class=\"produto-container\">\n        <!-- Preview do PDF -->\n        <iframe class=\"pdf-preview\" src=\"https:\/\/drive.google.com\/file\/d\/1db5hTnCjkjKb6J5cCxyey3zGzybJSzRI\/preview\" frameborder=\"0\"><\/iframe>\n        <!-- Texto -->\n        <div class=\"produto-info\">\n            <h2> Terminal p\/ Distribuidor <\/h2>\n            <p class=\"produto-descricao\"> 0,3 - 0,8 <\/p>\n            <p>C\u00f3digo: 3734-002<\/p>\n            <!-- Bot\u00e3o de Download -->\n            <a href=\"https:\/\/drive.google.com\/file\/d\/1db5hTnCjkjKb6J5cCxyey3zGzybJSzRI\/view?usp=sharing\" target=\"_blank\" class=\"btn-download\">Download PDF<\/a>\n        <\/div>\n    <\/div>  \n\n\n     <div class=\"produto-container\">\n        <!-- Preview do PDF -->\n        <iframe class=\"pdf-preview\" src=\"https:\/\/drive.google.com\/file\/d\/1UnTwe2NEWZD0vYUtiI_WMh2C8tgKaijt\/preview\" frameborder=\"0\"><\/iframe>\n        <!-- Texto -->\n        <div class=\"produto-info\">\n            <h2> Terminal Macho Cilindrico <\/h2>\n            <p class=\"produto-descricao\"> 0,5 - 1,0 <\/p>\n            <p>C\u00f3digo: 3802-002<\/p>\n            <!-- Bot\u00e3o de Download -->\n            <a href=\"https:\/\/drive.google.com\/file\/d\/1UnTwe2NEWZD0vYUtiI_WMh2C8tgKaijt\/view?usp=sharing\" target=\"_blank\" class=\"btn-download\">Download PDF<\/a>\n        <\/div>\n    <\/div>  \n\n\n     <div class=\"produto-container\">\n        <!-- Preview do PDF -->\n        <iframe class=\"pdf-preview\" src=\"https:\/\/drive.google.com\/file\/d\/1MAEVHQhnwzdcodzxSgpBeTDtAWPgnVWW\/preview\" frameborder=\"0\"><\/iframe>\n        <!-- Texto -->\n        <div class=\"produto-info\">\n            <h2> UHP & UHR <\/h2>\n            <p class=\"produto-descricao\">  n\/a <\/p>\n            <p>C\u00f3digo: n\/a <\/p>\n            <!-- Bot\u00e3o de Download -->\n            <a href=\"https:\/\/drive.google.com\/file\/d\/1MAEVHQhnwzdcodzxSgpBeTDtAWPgnVWW\/view?usp=sharing\" target=\"_blank\" class=\"btn-download\">Download PDF<\/a>\n        <\/div>\n    <\/div>  \n\n\n\n\n     <div class=\"produto-container\">\n        <!-- Preview do PDF -->\n        <iframe class=\"pdf-preview\" src=\"https:\/\/drive.google.com\/file\/d\/1kDnlaYhsTeGiQYzoHnqrNrK-YdXS-2OR\/preview\" frameborder=\"0\"><\/iframe>\n        <!-- Texto -->\n        <div class=\"produto-info\">\n            <h2> Terminal Macho L\u00e2mina <\/h2>\n            <p class=\"produto-descricao\"> Curto Sem Logotipo <\/p>\n            <p>C\u00f3digo: 3708-00 <\/p>\n            <!-- Bot\u00e3o de Download -->\n            <a href=\"https:\/\/drive.google.com\/file\/d\/1kDnlaYhsTeGiQYzoHnqrNrK-YdXS-2OR\/view?usp=sharing\" target=\"_blank\" class=\"btn-download\">Download PDF<\/a>\n        <\/div>\n    <\/div> \n\n     <div class=\"produto-container\">\n        <!-- Preview do PDF -->\n        <iframe class=\"pdf-preview\" src=\"https:\/\/drive.google.com\/file\/d\/1kDnlaYhsTeGiQYzoHnqrNrK-YdXS-2OR\/preview\" frameborder=\"0\"><\/iframe>\n        <!-- Texto -->\n        <div class=\"produto-info\">\n            <h2> Terminal Macho L\u00e2mina <\/h2>\n            <p class=\"produto-descricao\"> Curto Sem Logotipo <\/p>\n            <p>C\u00f3digo: 3718-00 <\/p>\n            <!-- Bot\u00e3o de Download -->\n            <a href=\"https:\/\/drive.google.com\/file\/d\/1IrWeoBjAHWl5GKPgjoq1qBM9wgAvB2PJ\/view?usp=drive_link\" target=\"_blank\" class=\"btn-download\">Download PDF<\/a>\n        <\/div>\n    <\/div> \n    \n     <div class=\"produto-container\">\n        <!-- Preview do PDF -->\n        <iframe class=\"pdf-preview\" src=\"https:\/\/drive.google.com\/file\/d\/1kDnlaYhsTeGiQYzoHnqrNrK-YdXS-2OR\/preview\" frameborder=\"0\"><\/iframe>\n        <!-- Texto -->\n        <div class=\"produto-info\">\n            <h2> Terminal Positive Lock Receptacle <\/h2>\n            <p class=\"produto-descricao\"> 0.5 - 1 <\/p>\n            <p>C\u00f3digo: 880646-1 <\/p>\n            <!-- Bot\u00e3o de Download -->\n            <a href=\"https:\/\/drive.google.com\/file\/d\/1IrWeoBjAHWl5GKPgjoq1qBM9wgAvB2PJ\/view?usp=drive_link\" target=\"_blank\" class=\"btn-download\">Download PDF<\/a>\n        <\/div>\n    <\/div> \n    \n\n    \n\n\n\n\n\n    <!-- Outros cont\u00eaineres de produto aqui -->\n\n    <script>\n        function filtrarProdutos() {\n            var input = document.getElementById('barra-pesquisa').value.toUpperCase();\n            var produtos = document.querySelectorAll('.produto-container');\n\n            if (input === \"\") { \/\/ Verifica se a barra de pesquisa est\u00e1 vazia\n                produtos.forEach(function(produto) {\n                    produto.style.display = 'grid'; \/\/ Volta ao layout padr\u00e3o\n                });\n            } else {\n                produtos.forEach(function(produto) {\n                    var nome = produto.querySelector('h2').innerText.toUpperCase();\n                    var codigo = produto.querySelector('p').innerText.toUpperCase();\n\n                    if (nome.includes(input) || codigo.includes(input)) {\n                        produto.style.display = 'grid';\n                    } else {\n                        produto.style.display = 'none';\n                    }\n                });\n            }\n        }\n    <\/script>\n\n<\/body>\n<\/html>\n\t\t<\/div>\n\t\t\t\t<\/div>\n\t\t\t\t\t<\/div>\n\t\t\t\t<\/div>\n\t\t<div class=\"elementor-element elementor-element-9c78ddb e-flex e-con-boxed e-con e-parent\" data-id=\"9c78ddb\" data-element_type=\"container\" data-settings=\"{&quot;background_background&quot;:&quot;classic&quot;,&quot;content_width&quot;:&quot;boxed&quot;}\" data-core-v316-plus=\"true\">\n\t\t\t\t\t<div class=\"e-con-inner\">\n\t\t<div class=\"elementor-element elementor-element-f2fe307 e-con-full e-flex e-con e-child\" data-id=\"f2fe307\" data-element_type=\"container\" data-settings=\"{&quot;content_width&quot;:&quot;full&quot;}\">\n\t\t\t\t<div class=\"elementor-element elementor-element-80ccb5d elementor-widget elementor-widget-image\" data-id=\"80ccb5d\" data-element_type=\"widget\" data-widget_type=\"image.default\">\n\t\t\t\t<div class=\"elementor-widget-container\">\n\t\t\t<style>\/*! elementor - v3.18.0 - 20-12-2023 *\/\n.elementor-widget-image{text-align:center}.elementor-widget-image a{display:inline-block}.elementor-widget-image a img[src$=\".svg\"]{width:48px}.elementor-widget-image img{vertical-align:middle;display:inline-block}<\/style>\t\t\t\t\t\t\t\t\t\t\t\t<img fetchpriority=\"high\" decoding=\"async\" width=\"1024\" height=\"183\" src=\"https:\/\/itucomponentes.com.br\/wp-content\/uploads\/2024\/01\/ITU-COMPONENTES-LOGO-imagem--1024x183.jpg\" class=\"attachment-large size-large wp-image-124\" alt=\"\" srcset=\"https:\/\/itucomponentes.com.br\/wp-content\/uploads\/2024\/01\/ITU-COMPONENTES-LOGO-imagem--1024x183.jpg 1024w, https:\/\/itucomponentes.com.br\/wp-content\/uploads\/2024\/01\/ITU-COMPONENTES-LOGO-imagem--300x54.jpg 300w, https:\/\/itucomponentes.com.br\/wp-content\/uploads\/2024\/01\/ITU-COMPONENTES-LOGO-imagem--768x137.jpg 768w, https:\/\/itucomponentes.com.br\/wp-content\/uploads\/2024\/01\/ITU-COMPONENTES-LOGO-imagem--1536x274.jpg 1536w, https:\/\/itucomponentes.com.br\/wp-content\/uploads\/2024\/01\/ITU-COMPONENTES-LOGO-imagem--2048x365.jpg 2048w\" sizes=\"(max-width: 1024px) 100vw, 1024px\" \/>\t\t\t\t\t\t\t\t\t\t\t\t\t\t\t<\/div>\n\t\t\t\t<\/div>\n\t\t\t\t<\/div>\n\t\t<div class=\"elementor-element elementor-element-105c70c e-con-full e-flex e-con e-child\" data-id=\"105c70c\" data-element_type=\"container\" data-settings=\"{&quot;content_width&quot;:&quot;full&quot;}\">\n\t\t\t\t<div class=\"elementor-element elementor-element-2819f57 elementor-widget elementor-widget-text-editor\" data-id=\"2819f57\" data-element_type=\"widget\" data-widget_type=\"text-editor.default\">\n\t\t\t\t<div class=\"elementor-widget-container\">\n\t\t\t<style>\/*! elementor - v3.18.0 - 20-12-2023 *\/\n.elementor-widget-text-editor.elementor-drop-cap-view-stacked .elementor-drop-cap{background-color:#69727d;color:#fff}.elementor-widget-text-editor.elementor-drop-cap-view-framed .elementor-drop-cap{color:#69727d;border:3px solid;background-color:transparent}.elementor-widget-text-editor:not(.elementor-drop-cap-view-default) .elementor-drop-cap{margin-top:8px}.elementor-widget-text-editor:not(.elementor-drop-cap-view-default) .elementor-drop-cap-letter{width:1em;height:1em}.elementor-widget-text-editor .elementor-drop-cap{float:left;text-align:center;line-height:1;font-size:50px}.elementor-widget-text-editor .elementor-drop-cap-letter{display:inline-block}<\/style>\t\t\t\t<p><strong>Alexandre Alves<br \/><\/strong><strong>Itu Componentes\u00a0Ind e Com Ltda.<\/strong><br \/><strong>Tel.:<\/strong>\u00a0(11) 4602-1292 e (11) 4602-5652.<br \/><strong>Celular.:\u00a0<\/strong>(11) 9.9725-4269.<br \/><strong>email.:\u00a0<\/strong>itucomp@uol.com.br<br \/><strong>site.:\u00a0<\/strong>itucomponentes.com.br<\/p>\t\t\t\t\t\t<\/div>\n\t\t\t\t<\/div>\n\t\t\t\t<\/div>\n\t\t<div class=\"elementor-element elementor-element-3e9a340 e-con-full e-flex e-con e-child\" data-id=\"3e9a340\" data-element_type=\"container\" data-settings=\"{&quot;content_width&quot;:&quot;full&quot;}\">\n\t\t\t\t<div class=\"elementor-element elementor-element-c83095b elementor-widget elementor-widget-text-editor\" data-id=\"c83095b\" data-element_type=\"widget\" data-widget_type=\"text-editor.default\">\n\t\t\t\t<div class=\"elementor-widget-container\">\n\t\t\t\t\t\t\t<p><b>Hor\u00e1rio de atendimento:\u00a0<br \/><\/b><span style=\"font-size: inherit; text-align: inherit; color: var(--theme-text-color); font-family: var(--theme-font-family); font-style: var(--theme-font-style, inherit); font-weight: var(--theme-font-weight); letter-spacing: var(--theme-letter-spacing); text-transform: var(--theme-text-transform);\">Segunda a sexta: 8:00 a 17:00<\/span><\/p>\t\t\t\t\t\t<\/div>\n\t\t\t\t<\/div>\n\t\t\t\t<\/div>\n\t\t<div class=\"elementor-element elementor-element-3e2c8f9 e-con-full e-flex e-con e-child\" data-id=\"3e2c8f9\" data-element_type=\"container\" data-settings=\"{&quot;content_width&quot;:&quot;full&quot;}\">\n\t\t\t\t<\/div>\n\t\t\t\t\t<\/div>\n\t\t\t\t<\/div>\n\t\t\t\t\t\t\t<\/div>\n\t\t","protected":false},"excerpt":{"rendered":"<p>Produtos Terminal Macho L\u00e2mina 6,3 C\/ Trava C\u00f3digo: 1434-00 Download PDF Terminal de Contato Lat\u00e3o, Estanho 6,8 micrometros C\u00f3digo: 2043-003 Download PDF Terminal Femea Fast On, 4,8 C\u00f3digo: 2116-00 Download PDF Terminal Lingueta C\/ Trava 0,5 &#8211; 1,5 C\u00f3digo: 2584-002 Download PDF Terminal Porta Fus\u00edvel 1,0 &#8211; 2,5 C\u00f3digo: 2589-002 Download PDF Terminal Lingueta C\/ [&hellip;]<\/p>\n","protected":false},"author":1,"featured_media":0,"parent":118,"menu_order":1,"comment_status":"closed","ping_status":"closed","template":"","meta":{"_monsterinsights_skip_tracking":false,"_monsterinsights_sitenote_active":false,"_monsterinsights_sitenote_note":"","_monsterinsights_sitenote_category":0,"footnotes":""},"blocksy_meta":[],"aioseo_notices":[],"_links":{"self":[{"href":"https:\/\/itucomponentes.com.br\/index.php\/wp-json\/wp\/v2\/pages\/784"}],"collection":[{"href":"https:\/\/itucomponentes.com.br\/index.php\/wp-json\/wp\/v2\/pages"}],"about":[{"href":"https:\/\/itucomponentes.com.br\/index.php\/wp-json\/wp\/v2\/types\/page"}],"author":[{"embeddable":true,"href":"https:\/\/itucomponentes.com.br\/index.php\/wp-json\/wp\/v2\/users\/1"}],"replies":[{"embeddable":true,"href":"https:\/\/itucomponentes.com.br\/index.php\/wp-json\/wp\/v2\/comments?post=784"}],"version-history":[{"count":16,"href":"https:\/\/itucomponentes.com.br\/index.php\/wp-json\/wp\/v2\/pages\/784\/revisions"}],"predecessor-version":[{"id":1082,"href":"https:\/\/itucomponentes.com.br\/index.php\/wp-json\/wp\/v2\/pages\/784\/revisions\/1082"}],"up":[{"embeddable":true,"href":"https:\/\/itucomponentes.com.br\/index.php\/wp-json\/wp\/v2\/pages\/118"}],"wp:attachment":[{"href":"https:\/\/itucomponentes.com.br\/index.php\/wp-json\/wp\/v2\/media?parent=784"}],"curies":[{"name":"wp","href":"https:\/\/api.w.org\/{rel}","templated":true}]}}