{"id":817,"date":"2024-02-09T20:38:11","date_gmt":"2024-02-09T23:38:11","guid":{"rendered":"https:\/\/itucomponentes.com.br\/?page_id=817"},"modified":"2025-03-23T10:17:37","modified_gmt":"2025-03-23T13:17:37","slug":"desenhos-terminais-femea","status":"publish","type":"page","link":"https:\/\/itucomponentes.com.br\/index.php\/desenhos-tecnicos\/desenhos-terminais-femea\/","title":{"rendered":"Desenhos Terminais F\u00eamea"},"content":{"rendered":"\t\t<div data-elementor-type=\"wp-page\" data-elementor-id=\"817\" class=\"elementor elementor-817\">\n\t\t\t\t\t\t\t<div class=\"elementor-element elementor-element-a9ff3e1 e-flex e-con-boxed e-con e-parent\" data-id=\"a9ff3e1\" data-element_type=\"container\" data-settings=\"{&quot;content_width&quot;:&quot;boxed&quot;}\" data-core-v316-plus=\"true\">\n\t\t\t\t\t<div class=\"e-con-inner\">\n\t\t\t\t<div class=\"elementor-element elementor-element-0b1ddea elementor-widget elementor-widget-html\" data-id=\"0b1ddea\" data-element_type=\"widget\" data-widget_type=\"html.default\">\n\t\t\t\t<div class=\"elementor-widget-container\">\n\t\t\t<!DOCTYPE html>\n<html lang=\"pt-BR\">\n<head>\n    <meta charset=\"UTF-8\">\n    <meta name=\"viewport\" content=\"width=device-width, initial-scale=1.0\">\n    <title>Produtos<\/title>\n    <style>\n        body {\n            font-family: Arial, sans-serif;\n        }\n\n        .produto-container {\n            display: grid;\n            grid-template-columns: repeat(3, 1fr); \/* Layout 3x4 *\/\n            align-items: center;\n            justify-content: center;\n            margin-bottom: 20px;\n            border: 1px solid #ddd;\n            padding: 10px;\n            border-radius: 8px;\n            width: calc(150% - 20px); \/* 3x4 layout *\/\n            \/* Adjust the width and height of the product container as needed *\/\n            min-width: 200px;\n            min-height: 300px;\n        }\n\n        .produto-imagem {\n            width: 100%; \/* Ajuste conforme necess\u00e1rio *\/\n            height: auto;\n        }\n\n        .produto-info {\n            text-align: center;\n            padding: 10px;\n        }\n\n        h2 {\n            color: #0A03FA;\n            font-size: 20px;\n            margin: 0;\n        }\n\n        p {\n            color: black;\n            font-size: 16px;\n            margin: 0;\n        }\n\n        .produto-descricao {\n            margin-bottom: 10px;\n        }\n\n        .btn-download {\n            background-color: #001F3F;\n            color: #fff;\n            text-decoration: none;\n            padding: 8px 16px;\n            border-radius: 4px;\n            font-size: 16px;\n            border: none;\n            cursor: pointer;\n            transition: background-color 0.3s ease;\n        }\n\n        .btn-download:hover {\n            background-color: #003366;\n        }\n\n        #barra-pesquisa {\n            margin-bottom: 20px;\n            padding: 10px;\n            font-size: 18px;\n        }\n\n        .pdf-preview {\n            width: 100%; \/* Ajuste conforme necess\u00e1rio *\/\n            height: 100%; \/* Ajuste conforme necess\u00e1rio *\/\n            border: none;\n        }\n    <\/style>\n<\/head>\n<body>\n\n    <input type=\"text\" id=\"barra-pesquisa\" placeholder=\"Pesquisar por nome ou c\u00f3digo\" oninput=\"filtrarProdutos()\">\n\n\n\n     <div class=\"produto-container\">\n        <!-- Preview do PDF -->\n        <iframe class=\"pdf-preview\" src=\"https:\/\/drive.google.com\/file\/d\/1wWePmMy3cK2D1tgfy0IRSiA6GWOw2yeE\/preview\" frameborder=\"0\"><\/iframe>\n        <!-- Texto -->\n        <div class=\"produto-info\">\n            <h2>Terminal F\u00eamea S\/ Trava <\/h2>\n            <p class=\"produto-descricao\"> 0,5 - 1,0 <\/p>\n            <p>C\u00f3digo: 2024-003<\/p>\n            <!-- Bot\u00e3o de Download -->\n            <a href=\"https:\/\/drive.google.com\/file\/d\/1wWePmMy3cK2D1tgfy0IRSiA6GWOw2yeE\/view?usp=sharing\" target=\"_blank\" class=\"btn-download\">Download PDF<\/a>\n        <\/div>\n    <\/div>  \n\n\n     <div class=\"produto-container\">\n        <!-- Preview do PDF -->\n        <iframe class=\"pdf-preview\" src=\"https:\/\/drive.google.com\/file\/d\/1Hb3XgjyiUa550oQ-tAh74UgXT0kNQeio\/preview\" frameborder=\"0\"><\/iframe>\n        <!-- Texto -->\n        <div class=\"produto-info\">\n            <h2>Terminal F\u00eamea Redondo<\/h2>\n            <p class=\"produto-descricao\"> Estanhado 6,8 micrometros (0,5-1,5) <\/p>\n            <p>C\u00f3digo: 2237-002<\/p>\n            <!-- Bot\u00e3o de Download -->\n            <a href=\"https:\/\/drive.google.com\/file\/d\/1Hb3XgjyiUa550oQ-tAh74UgXT0kNQeio\/view?usp=sharing\" target=\"_blank\" class=\"btn-download\">Download PDF<\/a>\n        <\/div>\n    <\/div> \n\n     <div class=\"produto-container\">\n        <!-- Preview do PDF -->\n        <iframe class=\"pdf-preview\" src=\"https:\/\/drive.google.com\/file\/d\/1rr0lcdYPDJZb4Bt1NJrvMDjZJfOkzJPr\/preview\" frameborder=\"0\"><\/iframe>\n        <!-- Texto -->\n        <div class=\"produto-info\">\n            <h2>Terminal F\u00eamea Gal Reto 4,8<\/h2>\n            <p class=\"produto-descricao\"> Lat\u00e3o e Estanhado (0,5-1,5) <\/p>\n            <p>C\u00f3digo: 2272-002<\/p>\n            <!-- Bot\u00e3o de Download -->\n            <a href=\"https:\/\/drive.google.com\/file\/d\/1rr0lcdYPDJZb4Bt1NJrvMDjZJfOkzJPr\/view?usp=sharing\" target=\"_blank\" class=\"btn-download\">Download PDF<\/a>\n        <\/div>\n    <\/div>  \n\n     <div class=\"produto-container\">\n        <!-- Preview do PDF -->\n        <iframe class=\"pdf-preview\" src=\"https:\/\/drive.google.com\/file\/d\/1ZvsUJdzjEP6DpC73uKsebEhlQsqqlLL0\/preview\" frameborder=\"0\"><\/iframe>\n        <!-- Texto -->\n        <div class=\"produto-info\">\n            <h2>Terminal F\u00eamea Gal Reto 6,3 <\/h2>\n            <p class=\"produto-descricao\"> 1,0 - 2,5 <\/p>\n            <p>C\u00f3digo: 2600-002<\/p>\n            <!-- Bot\u00e3o de Download -->\n            <a href=\"https:\/\/drive.google.com\/file\/d\/1ZvsUJdzjEP6DpC73uKsebEhlQsqqlLL0\/view?usp=sharing\" target=\"_blank\" class=\"btn-download\">Download PDF<\/a>\n        <\/div>\n    <\/div>  \n\n\n     <div class=\"produto-container\">\n        <!-- Preview do PDF -->\n        <iframe class=\"pdf-preview\" src=\"https:\/\/drive.google.com\/file\/d\/1p4CjAK1sjZivz_9ZbxJmopl2yXFvvo7t\/preview\" frameborder=\"0\"><\/iframe>\n        <!-- Texto -->\n        <div class=\"produto-info\">\n            <h2>Terminal F\u00eamea Red. S\/ Trava <\/h2>\n            <p class=\"produto-descricao\"> 0,5 - 2,5 <\/p>\n            <p>C\u00f3digo: 2602-002<\/p>\n            <!-- Bot\u00e3o de Download -->\n            <a href=\"https:\/\/drive.google.com\/file\/d\/1p4CjAK1sjZivz_9ZbxJmopl2yXFvvo7t\/view?usp=sharing\" target=\"_blank\" class=\"btn-download\">Download PDF<\/a>\n        <\/div>\n    <\/div>  \n\n\n     <div class=\"produto-container\">\n        <!-- Preview do PDF -->\n        <iframe class=\"pdf-preview\" src=\"https:\/\/drive.google.com\/file\/d\/1_qyrGBMUrwnLW-iNkHnUR6n1aclJkxE0\/preview\" frameborder=\"0\"><\/iframe>\n        <!-- Texto -->\n        <div class=\"produto-info\">\n            <h2> Terminal F\u00eamea Gav. Reto 6,4 <\/h2>\n            <p class=\"produto-descricao\"> Com Trava, Prateado 3-5 micrometros<\/p>\n            <p>C\u00f3digo: 3394-002<\/p>\n            <!-- Bot\u00e3o de Download -->\n            <a href=\"https:\/\/drive.google.com\/file\/d\/1_qyrGBMUrwnLW-iNkHnUR6n1aclJkxE0\/view?usp=sharing\" target=\"_blank\" class=\"btn-download\">Download PDF<\/a>\n        <\/div>\n    <\/div>  \n     <div class=\"produto-container\">\n        <!-- Preview do PDF -->\n        <iframe class=\"pdf-preview\" src=\"https:\/\/drive.google.com\/file\/d\/1kR0Ud8eyxTENoIiNdrWDuL8WilTn1Wbs\/preview\" frameborder=\"0\"><\/iframe>\n        <!-- Texto -->\n        <div class=\"produto-info\">\n            <h2> Terminal F\u00eamea Redondo <\/h2>\n            <p class=\"produto-descricao\">  0,5 - 1,0 <\/p>\n            <p>C\u00f3digo: 3712-002<\/p>\n            <!-- Bot\u00e3o de Download -->\n            <a href=\"https:\/\/drive.google.com\/file\/d\/1kR0Ud8eyxTENoIiNdrWDuL8WilTn1Wbs\/view?usp=sharing\" target=\"_blank\" class=\"btn-download\">Download PDF<\/a>\n        <\/div>\n    <\/div>  \n\n\n     <div class=\"produto-container\">\n        <!-- Preview do PDF -->\n        <iframe class=\"pdf-preview\" src=\"https:\/\/drive.google.com\/file\/d\/1OvXrHK1GDwKl91ikk9VFCWkhQiP9joSR\/preview\" frameborder=\"0\"><\/iframe>\n        <!-- Texto -->\n        <div class=\"produto-info\">\n            <h2> Terminal F\u00eamea Gav. Reto 2,8 <\/h2>\n            <p class=\"produto-descricao\"> 0,2 - 0,5 <\/p>\n            <p>C\u00f3digo: 3753-002<\/p>\n            <!-- Bot\u00e3o de Download -->\n            <a href=\"https:\/\/drive.google.com\/file\/d\/1OvXrHK1GDwKl91ikk9VFCWkhQiP9joSR\/view?usp=sharing\" target=\"_blank\" class=\"btn-download\">Download PDF<\/a>\n        <\/div>\n    <\/div>  \n\n     <div class=\"produto-container\">\n        <!-- Preview do PDF -->\n        <iframe class=\"pdf-preview\" src=\"https:\/\/drive.google.com\/file\/d\/1Rp-KS8Fvojk7t5pkCgjWCCtQ9anurxRD\/preview\" frameborder=\"0\"><\/iframe>\n        <!-- Texto -->\n        <div class=\"produto-info\">\n            <h2> Terminal F\u00eamea Cilindrico <\/h2>\n            <p class=\"produto-descricao\"> 0,5 - 1,0 <\/p>\n            <p>C\u00f3digo: 3801-002<\/p>\n            <!-- Bot\u00e3o de Download -->\n            <a href=\"https:\/\/drive.google.com\/file\/d\/1Rp-KS8Fvojk7t5pkCgjWCCtQ9anurxRD\/view?usp=sharing\" target=\"_blank\" class=\"btn-download\">Download PDF<\/a>\n        <\/div>\n    <\/div> \n\n\n     <div class=\"produto-container\">\n        <!-- Preview do PDF -->\n        <iframe class=\"pdf-preview\" src=\"https:\/\/drive.google.com\/file\/d\/1Z88KhvuKVt6-uw9GCAMbZ3RLhxT2TSOj\/preview\" frameborder=\"0\"><\/iframe>\n        <!-- Texto -->\n        <div class=\"produto-info\">\n            <h2> Terminal F\u00eamea Cilindrico <\/h2>\n            <p class=\"produto-descricao\"> 1,0 - 2,5 <\/p>\n            <p>C\u00f3digo: 3804-002<\/p>\n            <!-- Bot\u00e3o de Download -->\n            <a href=\"https:\/\/drive.google.com\/file\/d\/1Z88KhvuKVt6-uw9GCAMbZ3RLhxT2TSOj\/view?usp=sharing\" target=\"_blank\" class=\"btn-download\">Download PDF<\/a>\n        <\/div>\n    <\/div>  \n\n     <div class=\"produto-container\">\n        <!-- Preview do PDF -->\n        <iframe class=\"pdf-preview\" src=\"https:\/\/drive.google.com\/file\/d\/1U8p2njGCXixEDvR4_ATNvRMWeIsHmsvO\/preview\" frameborder=\"0\"><\/iframe>\n        <!-- Texto -->\n        <div class=\"produto-info\">\n            <h2> Terminal F\u00eamea Gav. Reto 6,3 <\/h2>\n            <p class=\"produto-descricao\">  S\/ Trava - 1,0 - 2,5 <\/p>\n            <p>C\u00f3digo: 3839-002<\/p>\n            <!-- Bot\u00e3o de Download -->\n            <a href=\"https:\/\/drive.google.com\/file\/d\/1U8p2njGCXixEDvR4_ATNvRMWeIsHmsvO\/view?usp=sharing\" target=\"_blank\" class=\"btn-download\">Download PDF<\/a>\n        <\/div>\n    <\/div>  \n\n     <div class=\"produto-container\">\n        <!-- Preview do PDF -->\n        <iframe class=\"pdf-preview\" src=\"https:\/\/drive.google.com\/file\/d\/143_JoFMDgGeu9FWmEy0L9-XdyUOvIxp2\/preview\" frameborder=\"0\"><\/iframe>\n        <!-- Texto -->\n        <div class=\"produto-info\">\n            <h2> Terminal F\u00eamea Gav. Reto 6,3 <\/h2>\n            <p class=\"produto-descricao\">  S\/ Trava - 0,3 - 0,8 <\/p>\n            <p>C\u00f3digo: 3859-002<\/p>\n            <!-- Bot\u00e3o de Download -->\n            <a href=\"https:\/\/drive.google.com\/file\/d\/143_JoFMDgGeu9FWmEy0L9-XdyUOvIxp2\/view?usp=sharing\" target=\"_blank\" class=\"btn-download\">Download PDF<\/a>\n        <\/div>\n    <\/div>  \n\n\n     <div class=\"produto-container\">\n        <!-- Preview do PDF -->\n        <iframe class=\"pdf-preview\" src=\"https:\/\/drive.google.com\/file\/d\/1dv4M6zowZAzDsx1lpqEuGhVTuW9v14Ti\/preview\" frameborder=\"0\"><\/iframe>\n        <!-- Texto -->\n        <div class=\"produto-info\">\n            <h2> Terminal F\u00eamea Bandeira 4,7 <\/h2>\n            <p class=\"produto-descricao\"> 1,0 a 2,0 <\/p>\n            <p>C\u00f3digo: 1125-00 <\/p>\n            <!-- Bot\u00e3o de Download -->\n            <a href=\"https:\/\/drive.google.com\/file\/d\/1dv4M6zowZAzDsx1lpqEuGhVTuW9v14Ti\/view?usp=sharing\" target=\"_blank\" class=\"btn-download\">Download PDF<\/a>\n        <\/div>\n    <\/div>  \n\n     <div class=\"produto-container\">\n        <!-- Preview do PDF -->\n        <iframe class=\"pdf-preview\" src=\"https:\/\/drive.google.com\/file\/d\/1ONoOFuFlp-B6BhoByfws3uF0FQkMjByK\/preview\" frameborder=\"0\"><\/iframe>\n        <!-- Texto -->\n        <div class=\"produto-info\">\n            <h2> Terminal F\u00eamea 2,6 <\/h2>\n            <p class=\"produto-descricao\"> Curta (2 Garras) <\/p>\n            <p>C\u00f3digo: 1265-00 <\/p>\n            <!-- Bot\u00e3o de Download -->\n            <a href=\"https:\/\/drive.google.com\/file\/d\/1ONoOFuFlp-B6BhoByfws3uF0FQkMjByK\/view?usp=sharing\" target=\"_blank\" class=\"btn-download\">Download PDF<\/a>\n        <\/div>\n    <\/div>  \n\n     <div class=\"produto-container\">\n        <!-- Preview do PDF -->\n        <iframe class=\"pdf-preview\" src=\"https:\/\/drive.google.com\/file\/d\/1Es8NTORt6Jyx91wLUbEybitlRt0_GXVR\/preview\" frameborder=\"0\"><\/iframe>\n        <!-- Texto -->\n        <div class=\"produto-info\">\n            <h2> Terminal F\u00eamea 2,2 <\/h2>\n            <p class=\"produto-descricao\"> Garra dupla (S\/ Banho) <\/p>\n            <p>C\u00f3digo: 1269-00 <\/p>\n            <!-- Bot\u00e3o de Download -->\n            <a href=\"https:\/\/drive.google.com\/file\/d\/1Es8NTORt6Jyx91wLUbEybitlRt0_GXVR\/view?usp=sharing\" target=\"_blank\" class=\"btn-download\">Download PDF<\/a>\n        <\/div>\n    <\/div>  \n\n \n\n     <div class=\"produto-container\">\n        <!-- Preview do PDF -->\n        <iframe class=\"pdf-preview\" src=\"https:\/\/drive.google.com\/file\/d\/1-7jC-U8RZonN4P1dQ92Y9-8mnditi4A7\/preview\" frameborder=\"0\"><\/iframe>\n        <!-- Texto -->\n        <div class=\"produto-info\">\n            <h2> Terminal F\u00eamea Positive Lock 6,3 <\/h2>\n            <p class=\"produto-descricao\"> S\/ Logotipo <\/p>\n            <p>C\u00f3digo: 2983-00 <\/p>\n            <!-- Bot\u00e3o de Download -->\n            <a href=\"https:\/\/drive.google.com\/file\/d\/1-7jC-U8RZonN4P1dQ92Y9-8mnditi4A7\/view?usp=sharing\" target=\"_blank\" class=\"btn-download\">Download PDF<\/a>\n        <\/div>\n    <\/div>  \n\n     <div class=\"produto-container\">\n        <!-- Preview do PDF -->\n        <iframe class=\"pdf-preview\" src=\"https:\/\/drive.google.com\/file\/d\/1-7jC-U8RZonN4P1dQ92Y9-8mnditi4A7\/preview\" frameborder=\"0\"><\/iframe>\n        <!-- Texto -->\n        <div class=\"produto-info\">\n            <h2> Terminal F\u00eamea Positive Lock 6,3 <\/h2>\n            <p class=\"produto-descricao\">  S\/ Logotipo <\/p>\n            <p>C\u00f3digo: 2984-00 <\/p>\n            <!-- Bot\u00e3o de Download -->\n            <a href=\"https:\/\/drive.google.com\/file\/d\/1-7jC-U8RZonN4P1dQ92Y9-8mnditi4A7\/preview\" target=\"_blank\" class=\"btn-download\">Download PDF<\/a>\n        <\/div>\n    <\/div>  \n\n\n\n     <div class=\"produto-container\">\n        <!-- Preview do PDF -->\n        <iframe class=\"pdf-preview\" src=\"https:\/\/drive.google.com\/file\/d\/1J_NqWMXSkmp99k4n_YHb8qAfxu7hVKcV\/preview\" frameborder=\"0\"><\/iframe>\n        <!-- Texto -->\n        <div class=\"produto-info\">\n            <h2> Terminal Pino F\u00eamea <\/h2>\n            <p class=\"produto-descricao\"> C\/ 2 garras <\/p>\n            <p>C\u00f3digo: 3411-00 <\/p>\n            <!-- Bot\u00e3o de Download -->\n            <a href=\"https:\/\/drive.google.com\/file\/d\/1J_NqWMXSkmp99k4n_YHb8qAfxu7hVKcV\/view?usp=sharing\" target=\"_blank\" class=\"btn-download\">Download PDF<\/a>\n        <\/div>\n    <\/div> \n\n\n     <div class=\"produto-container\">\n        <!-- Preview do PDF -->\n        <iframe class=\"pdf-preview\" src=\"https:\/\/drive.google.com\/file\/d\/1QvfgGSyW7K9bNKS5RB-0l6hpVvZy4Yja\/preview\" frameborder=\"0\"><\/iframe>\n        <!-- Texto -->\n        <div class=\"produto-info\">\n            <h2> Terminal F\u00eamea 2,8 <\/h2>\n            <p class=\"produto-descricao\"> Dimple Sem Logotipo <\/p>\n            <p>C\u00f3digo: 3718-00 <\/p>\n            <!-- Bot\u00e3o de Download -->\n            <a href=\"https:\/\/drive.google.com\/file\/d\/1QvfgGSyW7K9bNKS5RB-0l6hpVvZy4Yja\/view?usp=sharing\" target=\"_blank\" class=\"btn-download\">Download PDF<\/a>\n        <\/div>\n    <\/div> \n\n\n\n\n    <!-- Outros cont\u00eaineres de produto aqui -->\n\n    <script>\n        function filtrarProdutos() {\n            var input = document.getElementById('barra-pesquisa').value.toUpperCase();\n            var produtos = document.querySelectorAll('.produto-container');\n\n            if (input === \"\") { \/\/ Verifica se a barra de pesquisa est\u00e1 vazia\n                produtos.forEach(function(produto) {\n                    produto.style.display = 'grid'; \/\/ Volta ao layout padr\u00e3o\n                });\n            } else {\n                produtos.forEach(function(produto) {\n                    var nome = produto.querySelector('h2').innerText.toUpperCase();\n                    var codigo = produto.querySelector('p').innerText.toUpperCase();\n\n                    if (nome.includes(input) || codigo.includes(input)) {\n                        produto.style.display = 'grid';\n                    } else {\n                        produto.style.display = 'none';\n                    }\n                });\n            }\n        }\n    <\/script>\n\n<\/body>\n<\/html>\n\t\t<\/div>\n\t\t\t\t<\/div>\n\t\t\t\t\t<\/div>\n\t\t\t\t<\/div>\n\t\t<div class=\"elementor-element elementor-element-1f2ec23 e-flex e-con-boxed e-con e-parent\" data-id=\"1f2ec23\" data-element_type=\"container\" data-settings=\"{&quot;background_background&quot;:&quot;classic&quot;,&quot;content_width&quot;:&quot;boxed&quot;}\" data-core-v316-plus=\"true\">\n\t\t\t\t\t<div class=\"e-con-inner\">\n\t\t<div class=\"elementor-element elementor-element-ed81f4f e-con-full e-flex e-con e-child\" data-id=\"ed81f4f\" data-element_type=\"container\" data-settings=\"{&quot;content_width&quot;:&quot;full&quot;}\">\n\t\t\t\t<div class=\"elementor-element elementor-element-58ed9b5 elementor-widget elementor-widget-image\" data-id=\"58ed9b5\" data-element_type=\"widget\" data-widget_type=\"image.default\">\n\t\t\t\t<div class=\"elementor-widget-container\">\n\t\t\t<style>\/*! elementor - v3.18.0 - 20-12-2023 *\/\n.elementor-widget-image{text-align:center}.elementor-widget-image a{display:inline-block}.elementor-widget-image a img[src$=\".svg\"]{width:48px}.elementor-widget-image img{vertical-align:middle;display:inline-block}<\/style>\t\t\t\t\t\t\t\t\t\t\t\t<img fetchpriority=\"high\" decoding=\"async\" width=\"1024\" height=\"183\" src=\"https:\/\/itucomponentes.com.br\/wp-content\/uploads\/2024\/01\/ITU-COMPONENTES-LOGO-imagem--1024x183.jpg\" class=\"attachment-large size-large wp-image-124\" alt=\"\" srcset=\"https:\/\/itucomponentes.com.br\/wp-content\/uploads\/2024\/01\/ITU-COMPONENTES-LOGO-imagem--1024x183.jpg 1024w, https:\/\/itucomponentes.com.br\/wp-content\/uploads\/2024\/01\/ITU-COMPONENTES-LOGO-imagem--300x54.jpg 300w, https:\/\/itucomponentes.com.br\/wp-content\/uploads\/2024\/01\/ITU-COMPONENTES-LOGO-imagem--768x137.jpg 768w, https:\/\/itucomponentes.com.br\/wp-content\/uploads\/2024\/01\/ITU-COMPONENTES-LOGO-imagem--1536x274.jpg 1536w, https:\/\/itucomponentes.com.br\/wp-content\/uploads\/2024\/01\/ITU-COMPONENTES-LOGO-imagem--2048x365.jpg 2048w\" sizes=\"(max-width: 1024px) 100vw, 1024px\" \/>\t\t\t\t\t\t\t\t\t\t\t\t\t\t\t<\/div>\n\t\t\t\t<\/div>\n\t\t\t\t<\/div>\n\t\t<div class=\"elementor-element elementor-element-09690d7 e-con-full e-flex e-con e-child\" data-id=\"09690d7\" data-element_type=\"container\" data-settings=\"{&quot;content_width&quot;:&quot;full&quot;}\">\n\t\t\t\t<div class=\"elementor-element elementor-element-216b08e elementor-widget elementor-widget-text-editor\" data-id=\"216b08e\" data-element_type=\"widget\" data-widget_type=\"text-editor.default\">\n\t\t\t\t<div class=\"elementor-widget-container\">\n\t\t\t<style>\/*! elementor - v3.18.0 - 20-12-2023 *\/\n.elementor-widget-text-editor.elementor-drop-cap-view-stacked .elementor-drop-cap{background-color:#69727d;color:#fff}.elementor-widget-text-editor.elementor-drop-cap-view-framed .elementor-drop-cap{color:#69727d;border:3px solid;background-color:transparent}.elementor-widget-text-editor:not(.elementor-drop-cap-view-default) .elementor-drop-cap{margin-top:8px}.elementor-widget-text-editor:not(.elementor-drop-cap-view-default) .elementor-drop-cap-letter{width:1em;height:1em}.elementor-widget-text-editor .elementor-drop-cap{float:left;text-align:center;line-height:1;font-size:50px}.elementor-widget-text-editor .elementor-drop-cap-letter{display:inline-block}<\/style>\t\t\t\t<p><strong>Alexandre Alves<br \/><\/strong><strong>Itu Componentes\u00a0Ind e Com Ltda.<\/strong><br \/><strong>Tel.:<\/strong>\u00a0(11) 4602-1292 e (11) 4602-5652.<br \/><strong>Celular.:\u00a0<\/strong>(11) 9.9725-4269.<br \/><strong>email.:\u00a0<\/strong>itucomp@uol.com.br<br \/><strong>site.:\u00a0<\/strong>itucomponentes.com.br<\/p>\t\t\t\t\t\t<\/div>\n\t\t\t\t<\/div>\n\t\t\t\t<\/div>\n\t\t<div class=\"elementor-element elementor-element-43529ad e-con-full e-flex e-con e-child\" data-id=\"43529ad\" data-element_type=\"container\" data-settings=\"{&quot;content_width&quot;:&quot;full&quot;}\">\n\t\t\t\t<div class=\"elementor-element elementor-element-983fc3f elementor-widget elementor-widget-text-editor\" data-id=\"983fc3f\" data-element_type=\"widget\" data-widget_type=\"text-editor.default\">\n\t\t\t\t<div class=\"elementor-widget-container\">\n\t\t\t\t\t\t\t<p><b>Hor\u00e1rio de atendimento:\u00a0<br \/><\/b><span style=\"font-size: inherit; text-align: inherit; color: var(--theme-text-color); font-family: var(--theme-font-family); font-style: var(--theme-font-style, inherit); font-weight: var(--theme-font-weight); letter-spacing: var(--theme-letter-spacing); text-transform: var(--theme-text-transform);\">Segunda a sexta: 8:00 a 17:00<\/span><\/p>\t\t\t\t\t\t<\/div>\n\t\t\t\t<\/div>\n\t\t\t\t<\/div>\n\t\t<div class=\"elementor-element elementor-element-3e96cbc e-con-full e-flex e-con e-child\" data-id=\"3e96cbc\" data-element_type=\"container\" data-settings=\"{&quot;content_width&quot;:&quot;full&quot;}\">\n\t\t\t\t<\/div>\n\t\t\t\t\t<\/div>\n\t\t\t\t<\/div>\n\t\t\t\t\t\t\t<\/div>\n\t\t","protected":false},"excerpt":{"rendered":"<p>Produtos Terminal F\u00eamea S\/ Trava 0,5 &#8211; 1,0 C\u00f3digo: 2024-003 Download PDF Terminal F\u00eamea Redondo Estanhado 6,8 micrometros (0,5-1,5) C\u00f3digo: 2237-002 Download PDF Terminal F\u00eamea Gal Reto 4,8 Lat\u00e3o e Estanhado (0,5-1,5) C\u00f3digo: 2272-002 Download PDF Terminal F\u00eamea Gal Reto 6,3 1,0 &#8211; 2,5 C\u00f3digo: 2600-002 Download PDF Terminal F\u00eamea Red. S\/ Trava 0,5 &#8211; [&hellip;]<\/p>\n","protected":false},"author":1,"featured_media":0,"parent":118,"menu_order":4,"comment_status":"closed","ping_status":"closed","template":"","meta":{"_monsterinsights_skip_tracking":false,"_monsterinsights_sitenote_active":false,"_monsterinsights_sitenote_note":"","_monsterinsights_sitenote_category":0,"footnotes":""},"blocksy_meta":[],"aioseo_notices":[],"_links":{"self":[{"href":"https:\/\/itucomponentes.com.br\/index.php\/wp-json\/wp\/v2\/pages\/817"}],"collection":[{"href":"https:\/\/itucomponentes.com.br\/index.php\/wp-json\/wp\/v2\/pages"}],"about":[{"href":"https:\/\/itucomponentes.com.br\/index.php\/wp-json\/wp\/v2\/types\/page"}],"author":[{"embeddable":true,"href":"https:\/\/itucomponentes.com.br\/index.php\/wp-json\/wp\/v2\/users\/1"}],"replies":[{"embeddable":true,"href":"https:\/\/itucomponentes.com.br\/index.php\/wp-json\/wp\/v2\/comments?post=817"}],"version-history":[{"count":7,"href":"https:\/\/itucomponentes.com.br\/index.php\/wp-json\/wp\/v2\/pages\/817\/revisions"}],"predecessor-version":[{"id":1042,"href":"https:\/\/itucomponentes.com.br\/index.php\/wp-json\/wp\/v2\/pages\/817\/revisions\/1042"}],"up":[{"embeddable":true,"href":"https:\/\/itucomponentes.com.br\/index.php\/wp-json\/wp\/v2\/pages\/118"}],"wp:attachment":[{"href":"https:\/\/itucomponentes.com.br\/index.php\/wp-json\/wp\/v2\/media?parent=817"}],"curies":[{"name":"wp","href":"https:\/\/api.w.org\/{rel}","templated":true}]}}